{"id":928,"date":"2020-04-20T12:24:07","date_gmt":"2020-04-20T12:24:07","guid":{"rendered":"https:\/\/www.nh-asesores.com\/politica-cookies\/"},"modified":"2020-09-01T11:45:43","modified_gmt":"2020-09-01T11:45:43","slug":"cookie-policy","status":"publish","type":"page","link":"https:\/\/www.nh-asesores.com\/en\/cookie-policy\/","title":{"rendered":"Cookie policy"},"content":{"rendered":"","protected":false},"excerpt":{"rendered":"","protected":false},"author":1,"featured_media":0,"parent":0,"menu_order":0,"comment_status":"closed","ping_status":"closed","template":"","meta":{"_monsterinsights_skip_tracking":false,"_monsterinsights_sitenote_active":false,"_monsterinsights_sitenote_note":"","_monsterinsights_sitenote_category":0},"yoast_head":"<!-- This site is optimized with the Yoast SEO plugin v14.5 - https:\/\/yoast.com\/wordpress\/plugins\/seo\/ -->\n<title>Cookie policy - NH Asesores<\/title>\n<meta name=\"description\" content=\"Utilizamos cookies propias y de terceros para ofrecer nuestros servicios y recoger informaci\u00f3n estad\u00edstica. Si contin\u00faa navegando, consideramos que acepta su instalaci\u00f3n y uso.\" \/>\n<meta name=\"robots\" content=\"index, follow\" \/>\n<meta name=\"googlebot\" content=\"index, follow, max-snippet:-1, max-image-preview:large, max-video-preview:-1\" \/>\n<meta name=\"bingbot\" content=\"index, follow, max-snippet:-1, max-image-preview:large, max-video-preview:-1\" \/>\n<link rel=\"canonical\" href=\"https:\/\/www.nh-asesores.com\/en\/cookie-policy\/\" \/>\n<meta property=\"og:locale\" content=\"en_US\" \/>\n<meta property=\"og:type\" content=\"article\" \/>\n<meta property=\"og:title\" content=\"Cookie policy - NH Asesores\" \/>\n<meta property=\"og:description\" content=\"Utilizamos cookies propias y de terceros para ofrecer nuestros servicios y recoger informaci\u00f3n estad\u00edstica. Si contin\u00faa navegando, consideramos que acepta su instalaci\u00f3n y uso.\" \/>\n<meta property=\"og:url\" content=\"https:\/\/www.nh-asesores.com\/en\/cookie-policy\/\" \/>\n<meta property=\"og:site_name\" content=\"NH Asesores\" \/>\n<meta property=\"article:modified_time\" content=\"2020-09-01T11:45:43+00:00\" \/>\n<meta name=\"twitter:card\" content=\"summary_large_image\" \/>\n<script type=\"application\/ld+json\" class=\"yoast-schema-graph\">{\"@context\":\"https:\/\/schema.org\",\"@graph\":[{\"@type\":\"WebSite\",\"@id\":\"https:\/\/www.nh-asesores.com\/en\/#website\",\"url\":\"https:\/\/www.nh-asesores.com\/en\/\",\"name\":\"NH Asesores\",\"description\":\"Despacho de abogados Hidrocarburos\",\"potentialAction\":[{\"@type\":\"SearchAction\",\"target\":\"https:\/\/www.nh-asesores.com\/en\/?s={search_term_string}\",\"query-input\":\"required name=search_term_string\"}],\"inLanguage\":\"en-US\"},{\"@type\":\"WebPage\",\"@id\":\"https:\/\/www.nh-asesores.com\/en\/cookie-policy\/#webpage\",\"url\":\"https:\/\/www.nh-asesores.com\/en\/cookie-policy\/\",\"name\":\"Cookie policy - NH Asesores\",\"isPartOf\":{\"@id\":\"https:\/\/www.nh-asesores.com\/en\/#website\"},\"datePublished\":\"2020-04-20T12:24:07+00:00\",\"dateModified\":\"2020-09-01T11:45:43+00:00\",\"description\":\"Utilizamos cookies propias y de terceros para ofrecer nuestros servicios y recoger informaci\\u00f3n estad\\u00edstica. Si contin\\u00faa navegando, consideramos que acepta su instalaci\\u00f3n y uso.\",\"inLanguage\":\"en-US\",\"potentialAction\":[{\"@type\":\"ReadAction\",\"target\":[\"https:\/\/www.nh-asesores.com\/en\/cookie-policy\/\"]}]}]}<\/script>\n<!-- \/ Yoast SEO plugin. -->","_links":{"self":[{"href":"https:\/\/www.nh-asesores.com\/en\/wp-json\/wp\/v2\/pages\/928"}],"collection":[{"href":"https:\/\/www.nh-asesores.com\/en\/wp-json\/wp\/v2\/pages"}],"about":[{"href":"https:\/\/www.nh-asesores.com\/en\/wp-json\/wp\/v2\/types\/page"}],"author":[{"embeddable":true,"href":"https:\/\/www.nh-asesores.com\/en\/wp-json\/wp\/v2\/users\/1"}],"replies":[{"embeddable":true,"href":"https:\/\/www.nh-asesores.com\/en\/wp-json\/wp\/v2\/comments?post=928"}],"version-history":[{"count":2,"href":"https:\/\/www.nh-asesores.com\/en\/wp-json\/wp\/v2\/pages\/928\/revisions"}],"predecessor-version":[{"id":930,"href":"https:\/\/www.nh-asesores.com\/en\/wp-json\/wp\/v2\/pages\/928\/revisions\/930"}],"wp:attachment":[{"href":"https:\/\/www.nh-asesores.com\/en\/wp-json\/wp\/v2\/media?parent=928"}],"curies":[{"name":"wp","href":"https:\/\/api.w.org\/{rel}","templated":true}]}}